{"id":2,"date":"2016-05-10T03:48:21","date_gmt":"2016-05-10T03:48:21","guid":{"rendered":"http:\/\/mohajer-leipzig.de\/?page_id=2"},"modified":"2025-01-10T21:44:22","modified_gmt":"2025-01-10T21:44:22","slug":"sample-page","status":"publish","type":"page","link":"http:\/\/mohajer-leipzig.de\/?page_id=2","title":{"rendered":"Der Verein"},"content":{"rendered":"<p>Der FC Mohajer Leipzig e.V. wurde am 17.07.2020 von einer Gruppe fu\u00dfballbegeisterter Menschen gegr\u00fcndet. Die meisten unserer Mitglieder stammen aus Afghanistan. Aber mittlerweile versammeln sich Menschen aus mehr als acht L\u00e4ndern und mit den unterschiedlichsten Lebensgeschichten unter unserem Emblem.<\/p>\n<blockquote>\n<p><img loading=\"lazy\" decoding=\"async\" class=\"size-medium wp-image-10 aligncenter\" src=\"http:\/\/mohajer-leipzig.de\/wp-content\/uploads\/2024\/02\/Logo-FC-Mohajer-Leipzig-300x300.jpg\" alt=\"Logo FC Mohajer Leipzig e.V.\" width=\"300\" height=\"300\" srcset=\"http:\/\/mohajer-leipzig.de\/wp-content\/uploads\/2024\/02\/Logo-FC-Mohajer-Leipzig-300x300.jpg 300w, http:\/\/mohajer-leipzig.de\/wp-content\/uploads\/2024\/02\/Logo-FC-Mohajer-Leipzig-150x150.jpg 150w, http:\/\/mohajer-leipzig.de\/wp-content\/uploads\/2024\/02\/Logo-FC-Mohajer-Leipzig.jpg 640w\" sizes=\"auto, (max-width: 300px) 100vw, 300px\" \/><\/p>\n<\/blockquote>\n<p>Die Pr\u00e4ambel unserer Satzung m\u00f6chte das zum Ausdruck bringen:<\/p>\n<blockquote>\n<p>Aus einer Spielgemeinschaft von afghanischen Jugendlichen entstanden, sieht sich der FC Mohajer Leipzig besonders der integrativen Kraft des Sportes verpflichtet. Im spielerischen Miteinander und im regelbasierten Wettkampf ist Raum f\u00fcr Begegnung von Menschen \u2013 unabh\u00e4ngig von ihrer Nationalit\u00e4t, Herkunft, Sprache und Religion. Jeder, der sich an die Regeln des Sports h\u00e4lt, ist bei uns willkommen. Der Name des Vereins zeigt diesen Geist mit dem persischen Begriff Mohajer, der auf Deutsch Migrant bedeutet.<\/p>\n<\/blockquote>\n<p>Die gesamte Satzung kann man <a href=\"http:\/\/mohajer-leipzig.de\/wp-content\/uploads\/2025\/01\/Satzung_Stand_20240721.pdf\">hier als PDF<\/a> herunterladen.<\/p>\n\n\n<p>Im Rahmen des Projekts <em>Bewegte Zukunft<\/em> werden wir gef\u00f6rdert, um unseren Verein als ein <strong>Kompetenzzentrum f\u00fcr Migranten im Sport<\/strong> auszubauen. Das ist ein gro\u00dfer Begriff, meint aber vor allem, dass wir uns den spezifischen Herausforderungen von Menschen mit Migrationsgeschichte im deutschen Vereinsalltag stellen. Wir begreifen dies als permanenten Prozess, als lebenslanges Lernen. Weitere Kompetenzzentren in diesem Projekt sind:<\/p>\n\n\n\n<div class=\"wp-block-group\"><div class=\"wp-block-group__inner-container is-layout-constrained wp-block-group-is-layout-constrained\">\n<ul class=\"wp-block-list\">\n<li><strong><a href=\"https:\/\/forster-lowen-ev.de\/\">Forster L\u00f6wen e.V.<\/a><\/strong> in Forst (Lausitz)<\/li>\n<\/ul>\n\n\n\n<ul class=\"wp-block-list\">\n<li><strong><a href=\"https:\/\/athleticsonnenberg.de\/\">Athletic Sonnenberg<\/a><\/strong> in Chemnitz<\/li>\n<\/ul>\n\n\n\n<ul class=\"wp-block-list\">\n<li><strong><a href=\"https:\/\/www.ifc-rostock.de\/\">Internationaler Fu\u00dfball-Club Rostock e.V.<\/a><\/strong><\/li>\n<\/ul>\n<\/div><\/div>\n\n\n\n<div class=\"wp-block-group\"><div class=\"wp-block-group__inner-container is-layout-constrained wp-block-group-is-layout-constrained\"><\/div><\/div>\n\n\n\n<figure class=\"wp-block-image size-full is-resized\"><img loading=\"lazy\" decoding=\"async\" width=\"709\" height=\"730\" src=\"http:\/\/mohajer-leipzig.de\/wp-content\/uploads\/2024\/03\/Foerderlogo_BMI_deutsch_farbig_png__Print_.jpg\" alt=\"\" class=\"wp-image-316\" style=\"width:307px;height:auto\" srcset=\"http:\/\/mohajer-leipzig.de\/wp-content\/uploads\/2024\/03\/Foerderlogo_BMI_deutsch_farbig_png__Print_.jpg 709w, http:\/\/mohajer-leipzig.de\/wp-content\/uploads\/2024\/03\/Foerderlogo_BMI_deutsch_farbig_png__Print_-291x300.jpg 291w\" sizes=\"auto, (max-width: 709px) 100vw, 709px\" \/><\/figure>\n\n\n\n<figure class=\"wp-block-image size-large is-resized\"><img loading=\"lazy\" decoding=\"async\" width=\"1024\" height=\"692\" src=\"http:\/\/mohajer-leipzig.de\/wp-content\/uploads\/2024\/03\/Schriftzug_Projekt-Bewegte-Zukunft_rgb_150dpi-1024x692.jpg\" alt=\"\" class=\"wp-image-317\" style=\"width:308px;height:auto\" srcset=\"http:\/\/mohajer-leipzig.de\/wp-content\/uploads\/2024\/03\/Schriftzug_Projekt-Bewegte-Zukunft_rgb_150dpi-1024x692.jpg 1024w, http:\/\/mohajer-leipzig.de\/wp-content\/uploads\/2024\/03\/Schriftzug_Projekt-Bewegte-Zukunft_rgb_150dpi-300x203.jpg 300w, http:\/\/mohajer-leipzig.de\/wp-content\/uploads\/2024\/03\/Schriftzug_Projekt-Bewegte-Zukunft_rgb_150dpi-768x519.jpg 768w, http:\/\/mohajer-leipzig.de\/wp-content\/uploads\/2024\/03\/Schriftzug_Projekt-Bewegte-Zukunft_rgb_150dpi.jpg 1146w\" sizes=\"auto, (max-width: 1024px) 100vw, 1024px\" \/><\/figure>\n\n\n\n<figure class=\"wp-block-image size-large is-resized\"><img loading=\"lazy\" decoding=\"async\" width=\"1024\" height=\"256\" src=\"http:\/\/mohajer-leipzig.de\/wp-content\/uploads\/2024\/05\/tgd-4c_Text-rechts-1024x256.jpg\" alt=\"\" class=\"wp-image-421\" style=\"width:307px;height:auto\" srcset=\"http:\/\/mohajer-leipzig.de\/wp-content\/uploads\/2024\/05\/tgd-4c_Text-rechts-1024x256.jpg 1024w, http:\/\/mohajer-leipzig.de\/wp-content\/uploads\/2024\/05\/tgd-4c_Text-rechts-300x75.jpg 300w, http:\/\/mohajer-leipzig.de\/wp-content\/uploads\/2024\/05\/tgd-4c_Text-rechts-768x192.jpg 768w, http:\/\/mohajer-leipzig.de\/wp-content\/uploads\/2024\/05\/tgd-4c_Text-rechts-1536x384.jpg 1536w, http:\/\/mohajer-leipzig.de\/wp-content\/uploads\/2024\/05\/tgd-4c_Text-rechts-2048x512.jpg 2048w\" sizes=\"auto, (max-width: 1024px) 100vw, 1024px\" \/><\/figure>\n","protected":false},"excerpt":{"rendered":"<p>Der FC Mohajer Leipzig e.V. wurde am 17.07.2020 von einer Gruppe fu\u00dfballbegeisterter Menschen gegr\u00fcndet. Die meisten unserer Mitglieder stammen aus Afghanistan. Aber mittlerweile versammeln sich Menschen aus mehr als acht L\u00e4ndern und mit den unterschiedlichsten Lebensgeschichten unter unserem Emblem. Die &hellip; <a href=\"http:\/\/mohajer-leipzig.de\/?page_id=2\">Weiterlesen <span class=\"meta-nav\">&rarr;<\/span><\/a><\/p>\n","protected":false},"author":1,"featured_media":0,"parent":0,"menu_order":0,"comment_status":"closed","ping_status":"open","template":"","meta":{"footnotes":""},"class_list":["post-2","page","type-page","status-publish","hentry"],"_links":{"self":[{"href":"http:\/\/mohajer-leipzig.de\/index.php?rest_route=\/wp\/v2\/pages\/2","targetHints":{"allow":["GET"]}}],"collection":[{"href":"http:\/\/mohajer-leipzig.de\/index.php?rest_route=\/wp\/v2\/pages"}],"about":[{"href":"http:\/\/mohajer-leipzig.de\/index.php?rest_route=\/wp\/v2\/types\/page"}],"author":[{"embeddable":true,"href":"http:\/\/mohajer-leipzig.de\/index.php?rest_route=\/wp\/v2\/users\/1"}],"replies":[{"embeddable":true,"href":"http:\/\/mohajer-leipzig.de\/index.php?rest_route=%2Fwp%2Fv2%2Fcomments&post=2"}],"version-history":[{"count":11,"href":"http:\/\/mohajer-leipzig.de\/index.php?rest_route=\/wp\/v2\/pages\/2\/revisions"}],"predecessor-version":[{"id":693,"href":"http:\/\/mohajer-leipzig.de\/index.php?rest_route=\/wp\/v2\/pages\/2\/revisions\/693"}],"wp:attachment":[{"href":"http:\/\/mohajer-leipzig.de\/index.php?rest_route=%2Fwp%2Fv2%2Fmedia&parent=2"}],"curies":[{"name":"wp","href":"https:\/\/api.w.org\/{rel}","templated":true}]}}