{"id":620,"date":"2024-11-12T10:47:16","date_gmt":"2024-11-12T10:47:16","guid":{"rendered":"http:\/\/mohajer-leipzig.de\/?page_id=620"},"modified":"2024-11-12T20:29:03","modified_gmt":"2024-11-12T20:29:03","slug":"kalender-2025","status":"publish","type":"page","link":"http:\/\/mohajer-leipzig.de\/?page_id=620","title":{"rendered":"Kalender 2025"},"content":{"rendered":"\n<p><strong>F\u00fcnf Jahre FC Mohajer Leipzig e.V.<\/strong><br><em>Deutsch \/ English \/ Dari<\/em><\/p>\n\n\n\n<p>Am 17. Juli 2020 wurde der FC Mohajer Leipzig e.V. gegr\u00fcndet. Das hei\u00dft, dass er in diesem beginnenden Jahr 2025 sein f\u00fcnfj\u00e4hriges Bestehen feiern wird. Und f\u00fcnf Jahre sind schon eine ganze Weile!<\/p>\n\n\n\n<p>F\u00fcnf Jahre vor der Geburt eines Kindes, macht sich noch kaum jemand Gedanken \u00fcber Eigenschaften und Charakterz\u00fcge dieses einen Kindes. Die Wenigsten haben da schon einen Namen parat. Und mit f\u00fcnf Jahren ist das Kind l\u00e4ngst kein Neugeborenes mehr, sondern ein Vorschulkind, das wahrscheinlich bereits seinen eigenen Namen lesen und schreiben kann.<\/p>\n\n\n\n<p>Nun sind unsere Spieler keine Vorschulkinder. Aber f\u00fcr einen 20-j\u00e4hrigen Spieler gibt es den Verein bereits ein Viertel seines Lebens; f\u00fcr unsere 30-j\u00e4hrigen Spieler immerhin noch ein Sechstel ihres Lebens. Auch das ist eine lange Zeit. Und selbst ich musste bei der Arbeit an diesem Kalender feststellen, dass ich bereits zehn Prozent meines Lebens mit dem FC Mohajer Leipzig verbracht habe, dass dieser Verein auf eine gute Art mein Leben ver\u00e4ndert hat.<\/p>\n\n\n\n<p>Der Jubil\u00e4umskalender l\u00e4sst eine Auswahl unserer Spieler einmal innehalten, auf ihr Leben vor f\u00fcnf Jahren zur\u00fcckschauen und einen hoffenden Ausblick f\u00fcnf Jahre in die Zukunft wagen. Dieser Ausblick ist stets mit einem Inschallah eingeleitet. Das bedeutet: Wenn es Gott gef\u00e4llt. Diese Demutsformel haben Muslime, Juden und Christen gemeinsam. Im neutestamentlichen Brief des Jakobus empfiehlt uns der Apostel, \u00fcber die Zukunft wie folgt zu sprechen: \u201eWenn der Herr will, werden wir leben und dies oder das tun.\u201c (Jakobus 4, 15). Im Koran hei\u00dft es entsprechend: \u201eUnd sag ja nicht im Hinblick auf etwas, was du vorhast: \u201aIch werde dies morgen tun\u2018, ohne hinzuzuf\u00fcgen: \u201awenn Gott will\u2018!\u201c (Sure 19, 23).<\/p>\n\n\n\n<p>Nat\u00fcrlich h\u00e4ngt die Geschichte eines Vereins nicht an einem einzigen Datum. Bereits im Sommer 2018 hatten sich engagierte Fu\u00dfballspieler f\u00fcr ein Hallenturnier in Frankfurt am Main unter dem Namen FC Mohajer Leipzig zusammengetan und waren seitdem als Turnier-mannschaft oft unter den ersten Pl\u00e4tzen zu finden. Doch schon damals gab es den Wunsch, in den regul\u00e4ren Spielbetrieb einer offiziellen Liga einzutreten. Daf\u00fcr brauchte es die gemeinn\u00fctzige Rechtsform. Manche Spieler haben uns seitdem wieder verlassen, weil sie aus Leipzig fortgezogen sind oder weil die Arbeitszeiten keinen sinnvollen Trainings- und Spielbetrieb zulassen. Viele neue Spieler sind hinzugekommen und schreiben nun an der Geschichte unseres Vereins mit.<\/p>\n\n\n\n<p>Wenn wir unser Jubil\u00e4um feiern, wird gerade unsere dritte Saison in der Zweiten Kreisklasse enden. Wir hoffen auf einen guten Tabellenplatz. Auf jeden Fall werden wir gemeinsam ein weiteres aufregendes Spieljahr erlebt haben. Und daf\u00fcr k\u00f6nnen wir dankbar sein.<\/p>\n\n\n\n<p>Dankbar sind wir auch dem DOSB, vor allem den Akteuren des Projekts Bewegte Zukunft, in dessen Rahmen unser Verein zu einem Kompetenzzentrum f\u00fcr Migranten im Sport ausgebildet wurde. \u00dcber die 90 Minuten auf dem Fu\u00dfballfeld hinaus vernetzen wir uns mit anderen Organisationen und Initiativen, die sich einsetzen f\u00fcr ein faires Miteinander von hier Geborenen und Zugezogenen, von Menschen unterschiedlicher Hautfarbe und Religion. Sport kann so vieles bewirken! Im letzten Jahr durften wir Gr\u00fcndungsmitglied einer wichtigen Dachorganisation sein, die migrantisch gepr\u00e4gte Sportvereine bis hoch zur Bundesebene vertreten wird.<\/p>\n\n\n\n<p>Inschallah, so Gott will und wir leben, h\u00e4lt auch das Jahr 2025 f\u00fcr unseren Verein und jedes einzelne Mitglied, f\u00fcr unsere Wegbegleiter, Freunde, Fans, Unterst\u00fctzer und f\u00fcr unsere sportlichen Gegner viele sch\u00f6ne, aufregende und chancenreiche Situationen bereit. Wir freuen uns darauf!<\/p>\n\n\n\n<p>Ein gesegnetes neues Jahr 2025 im Namen des gesamten Vorstands!<\/p>\n\n\n\n<figure class=\"wp-block-image size-full\"><img loading=\"lazy\" decoding=\"async\" width=\"726\" height=\"1024\" src=\"http:\/\/mohajer-leipzig.de\/wp-content\/uploads\/2024\/11\/Plakat-DINA3.jpg\" alt=\"\" class=\"wp-image-637\" srcset=\"http:\/\/mohajer-leipzig.de\/wp-content\/uploads\/2024\/11\/Plakat-DINA3.jpg 726w, http:\/\/mohajer-leipzig.de\/wp-content\/uploads\/2024\/11\/Plakat-DINA3-213x300.jpg 213w\" sizes=\"auto, (max-width: 726px) 100vw, 726px\" \/><\/figure>\n\n\n\n<p>FC Mohajer Leipzig e.V. was founded on July 17, 2020. This means that it will celebrate its fifth anniversary in the year 2025. And five years is quite a while!<\/p>\n\n\n\n<p>Five years before a child is born, hardly anyone thinks about the characteristics and personality traits of that one child. Very few have a name ready. And at five years old, the child is no longer a newborn, but a preschool child who can probably already read and write his or her own name.<\/p>\n\n\n\n<p>Now our players are not preschool children. But for a 20-year-old player, the club has already existed for a quarter of his life; for our 30-year-old players, at least a sixth of their lives. That is also a long time. And even I had to realize while working on this calendar that I have already spent ten percent of my life with FC Mohajer Leipzig, that this club has changed my life in a good way.<\/p>\n\n\n\n<p>The anniversary calendar allows a selection of our players to pause for a moment, look back on their lives five years ago and take a hopeful look five years into the future. This look is always introduced with an Inshallah. This means: If God pleases. Muslims, Jews and Christians have this formula of humility in common. In the New Testament letter of James, the apostle recommends that we speak about the future as follows: &#8222;If the Lord wills, we will live and do this or that.&#8220; (James 4:15). The Koran states accordingly: &#8222;And do not say of something you plan to do, &#8218;I will do this tomorrow,&#8216; without adding, &#8218;If God wills&#8216;!&#8220; (Sura 19:23).<\/p>\n\n\n\n<p>Of course, the history of a club is not tied to a single date. In the summer of 2018, committed football players came together for an indoor tournament in Frankfurt am Main under the name FC Mohajer Leipzig and since then have often been among the top places as a tournament team. But even then, there was a desire to enter regular play in an official league. This required a non-profit legal form. Some players have since left us because they moved away from Leipzig or because their working hours did not allow for meaningful training and play. Many new players have joined us and are now writing the history of our club.<\/p>\n\n\n\n<p>When we celebrate our anniversary, our third season in the second district league will just be ending. We hope for a good position in the table. In any case, we will have experienced another exciting season together. And we can be grateful for that.<\/p>\n\n\n\n<p>We are also grateful to the DOSB, especially to the people in the Bewegte Zukunft project, as part of which our club was trained to become a competence centre for migrants in sport. Beyond the 90 minutes on the football field, we network with other organizations and initiatives that are committed to fair coexistence between those born here and those who have moved here, between people of different skin colors and religions. Sport can achieve so much! Last year we were a founding member of an important umbrella organization that represents migrant sports clubs up to the federal level.<\/p>\n\n\n\n<p>Inshallah, God willing and we are alive, the year 2025 will also hold many beautiful, exciting and promising situations for our club and every single member, for our companions, friends, fans, supporters and for our sporting opponents. We are looking forward to it!<\/p>\n\n\n\n<p>On behalf of the entire board, we wish you a blessed New Year 2025!<\/p>\n\n\n\n<figure class=\"wp-block-image size-large\"><img loading=\"lazy\" decoding=\"async\" width=\"724\" height=\"1024\" src=\"http:\/\/mohajer-leipzig.de\/wp-content\/uploads\/2024\/11\/Bild-25-Mannschaft-724x1024.jpg\" alt=\"\" class=\"wp-image-638\" srcset=\"http:\/\/mohajer-leipzig.de\/wp-content\/uploads\/2024\/11\/Bild-25-Mannschaft-724x1024.jpg 724w, http:\/\/mohajer-leipzig.de\/wp-content\/uploads\/2024\/11\/Bild-25-Mannschaft-212x300.jpg 212w, http:\/\/mohajer-leipzig.de\/wp-content\/uploads\/2024\/11\/Bild-25-Mannschaft-768x1086.jpg 768w, http:\/\/mohajer-leipzig.de\/wp-content\/uploads\/2024\/11\/Bild-25-Mannschaft.jpg 1024w\" sizes=\"auto, (max-width: 724px) 100vw, 724px\" \/><\/figure>\n\n\n\n<p class=\"has-text-align-right\">&nbsp;FC Mohajer Leipzig e.V.\u062f\u0631 17 \u0698\u0648\u0626\u06cc\u0647 2020 \u062a\u0623\u0633\u06cc\u0633 \u0634\u062f. \u0627\u06cc\u0646 \u0628\u0647 \u0627\u06cc\u0646 \u0645\u0639\u0646\u0627\u0633\u062a \u06a9\u0647 \u067e\u0646\u062c\u0645\u06cc\u0646 \u0633\u0627\u0644\u06af\u0631\u062f \u062e\u0648\u062f \u0631\u0627 \u062f\u0631 \u0627\u0628\u062a\u062f\u0627\u06cc \u0633\u0627\u0644 2025 \u062c\u0634\u0646 \u0645\u06cc \u06af\u06cc\u0631\u062f. \u0648 \u067e\u0646\u062c \u0633\u0627\u0644 \u0632\u0645\u0627\u0646 \u0632\u06cc\u0627\u062f\u06cc \u0627\u0633\u062a!<\/p>\n\n\n\n<p class=\"has-text-align-right\">\u067e\u0646\u062c \u0633\u0627\u0644 \u0642\u0628\u0644 \u0627\u0632 \u062a\u0648\u0644\u062f \u06cc\u06a9 \u06a9\u0648\u062f\u06a9\u060c \u06a9\u0645\u062a\u0631 \u0627\u0634\u062e\u0627\u0635 \u062f\u0631 \u0645\u0648\u0631\u062f \u0648\u06cc\u0698\u06af\u06cc \u0647\u0627 \u0648 \u0648\u06cc\u0698\u06af\u06cc \u0647\u0627\u06cc \u0634\u062e\u0635\u06cc\u062a\u06cc \u0627\u06cc\u0646 \u06cc\u06a9 \u06a9\u0648\u062f\u06a9 \u0641\u06a9\u0631 \u0645\u06cc \u06a9\u0646\u062f. \u0641\u0642\u0637 \u062a\u0639\u062f\u0627\u062f \u06a9\u0645\u06cc \u0627\u0632 \u0627\u0641\u0631\u0627\u062f \u062f\u0631\u062a\u0648\u0644\u062f&nbsp; \u06a9\u0648\u062f\u06a9\u0634 \u0628\u0647 \u0641\u06a9\u0631 \u0646\u0627\u0645 \u0622\u0646 \u0647\u0633\u062a\u0646\u062f. \u0648 \u062f\u0631 \u067e\u0646\u062c \u0633\u0627\u0644\u06af\u06cc\u060c \u0627\u06cc\u0646 \u06a9\u0648\u062f\u06a9 \u062f\u06cc\u06af\u0631 \u06cc\u06a9 \u0646\u0648\u0632\u0627\u062f \u0646\u06cc\u0633\u062a\u060c \u0628\u0644\u06a9\u0647 \u06cc\u06a9 \u06a9\u0648\u062f\u06a9 \u062f\u0648\u0631\u0627\u0646 \u0622\u0645\u0627\u062f\u06af\u06cc \u0645\u06a9\u062a\u0628 \u0627\u0633\u062a \u06a9\u0647 \u0627\u062d\u062a\u0645\u0627\u0644\u0627\u064b \u0645\u06cc \u062a\u0648\u0627\u0646\u062f \u0646\u0627\u0645 \u062e\u0648\u062f \u0631\u0627 \u0628\u062e\u0648\u0627\u0646\u062f \u0648 \u0628\u0646\u0648\u06cc\u0633\u062f.<\/p>\n\n\n\n<p class=\"has-text-align-right\">\u062f\u0631 \u062d\u0627\u0644 \u062d\u0627\u0636\u0631 \u0628\u0627\u0632\u06cc\u06a9\u0646\u0627\u0646 \u0645\u0627 \u06a9\u0648\u062f\u06a9\u0627\u0646 \u062f\u0648\u0631\u0627\u0646 \u0622\u0645\u0627\u062f\u06af\u06cc \u0646\u06cc\u0633\u062a\u0646\u062f. \u0627\u0645\u0627 \u0628\u0631\u0627\u06cc \u06cc\u06a9 \u0628\u0627\u0632\u06cc\u06a9\u0646 20 \u0633\u0627\u0644\u0647\u060c \u0628\u0627\u0634\u06af\u0627\u0647 \u0628\u0631\u0627\u06cc \u06cc\u06a9 \u0631\u0628\u0639 \u0627\u0632 \u0639\u0645\u0631 \u0627\u0648 \u0648\u062c\u0648\u062f \u062f\u0627\u0634\u062a\u0647 \u0627\u0633\u062a. \u0628\u0631\u0627\u06cc \u0628\u0627\u0632\u06cc\u06a9\u0646\u0627\u0646 30 \u0633\u0627\u0644\u0647 \u0645\u0627 \u0647\u0646\u0648\u0632 \u06cc\u06a9 \u0634\u0634\u0645 \u0639\u0645\u0631 \u0622\u0646\u0647\u0627\u0633\u062a. \u0622\u0646 \u0647\u0645 \u0632\u0645\u0627\u0646 \u0632\u06cc\u0627\u062f\u06cc \u0627\u0633\u062a. \u0648 \u062d\u062a\u06cc \u0645\u0646 \u0647\u0646\u06af\u0627\u0645 \u06a9\u0627\u0631 \u0628\u0631 \u0631\u0648\u06cc \u0627\u06cc\u0646 \u062a\u0642\u0648\u06cc\u0645 \u0628\u0627\u06cc\u062f \u0645\u062a\u0648\u062c\u0647 \u0645\u06cc \u0634\u062f\u0645 \u06a9\u0647 \u062f\u0647 \u062f\u0631\u0635\u062f \u0627\u0632 \u0639\u0645\u0631\u0645 \u0631\u0627 \u0628\u0627 &nbsp;FC Mohajer Leipzig \u06af\u0630\u0631\u0627\u0646\u062f\u0645 \u0648 \u0627\u06cc\u0646 \u0628\u0627\u0634\u06af\u0627\u0647 \u0632\u0646\u062f\u06af\u06cc \u0645\u0646 \u0631\u0627 \u0628\u0647 \u062e\u0648\u0628\u06cc \u062a\u063a\u06cc\u06cc\u0631 \u062f\u0627\u062f\u0647 \u0627\u0633\u062a.<\/p>\n\n\n\n<p class=\"has-text-align-right\">\u062a\u0642\u0648\u06cc\u0645 \u0633\u0627\u0644\u06af\u0631\u062f \u0628\u0647 \u0645\u0646\u062a\u062e\u0628\u06cc \u0627\u0632 \u0628\u0627\u0632\u06cc\u06a9\u0646\u0627\u0646 \u0645\u0627 \u0627\u062c\u0627\u0632\u0647 \u0645\u06cc \u062f\u0647\u062f \u062a\u0627 \u0645\u06a9\u062b \u06a9\u0646\u0646\u062f\u060c \u0628\u0647 \u0632\u0646\u062f\u06af\u06cc \u067e\u0646\u062c \u0633\u0627\u0644 \u067e\u06cc\u0634 \u062e\u0648\u062f \u0646\u06af\u0627\u0647 \u06a9\u0646\u0646\u062f \u0648 \u067e\u0646\u062c \u0633\u0627\u0644 \u0622\u06cc\u0646\u062f\u0647 \u0631\u0627 \u0627\u0645\u06cc\u062f\u0648\u0627\u0631\u0627\u0646\u0647 \u067e\u06cc\u0634 \u0628\u06cc\u0646\u06cc \u06a9\u0646\u0646\u062f. \u0627\u06cc\u0646 \u0646\u06af\u0627\u0647 \u0647\u0645\u06cc\u0634\u0647 \u0628\u0627 \u06cc\u06a9 \u0627\u0646\u0634\u0627\u0627\u0644\u0644\u0647 \u0645\u0639\u0631\u0641\u06cc \u0645\u06cc \u0634\u0648\u062f. \u06cc\u0639\u0646\u06cc: \u0627\u06af\u0631 \u062e\u062f\u0627 \u0631\u0627\u0636\u06cc \u0628\u0627\u0634\u062f. \u0645\u0633\u0644\u0645\u0627\u0646\u0627\u0646\u060c \u06cc\u0647\u0648\u062f\u06cc\u0627\u0646 \u0648 \u0645\u0633\u06cc\u062d\u06cc\u0627\u0646 \u062f\u0631 \u0627\u06cc\u0646 \u0641\u0631\u0645\u0648\u0644 \u062a\u0648\u0627\u0636\u0639 \u0645\u0634\u062a\u0631\u06a9 \u0647\u0633\u062a\u0646\u062f. \u062f\u0631 \u0646\u0627\u0645\u0647 \u06cc\u0639\u0642\u0648\u0628 \u0639\u0647\u062f \u062c\u062f\u06cc\u062f\u060c \u0631\u0633\u0648\u0644 \u062a\u0648\u0635\u06cc\u0647 \u0645\u06cc \u06a9\u0646\u062f \u06a9\u0647 \u062f\u0631 \u0645\u0648\u0631\u062f \u0622\u06cc\u0646\u062f\u0647 \u0627\u06cc\u0646 \u06af\u0648\u0646\u0647 \u0635\u062d\u0628\u062a \u06a9\u0646\u06cc\u0645: &#8222;\u0627\u06af\u0631 \u062e\u062f\u0627\u0648\u0646\u062f \u0628\u062e\u0648\u0627\u0647\u062f\u060c \u0632\u0646\u062f\u06af\u06cc \u062e\u0648\u0627\u0647\u06cc\u0645 \u06a9\u0631\u062f \u0648 \u0627\u06cc\u0646 \u06cc\u0627 \u0622\u0646 \u0631\u0627 \u0627\u0646\u062c\u0627\u0645 \u062e\u0648\u0627\u0647\u06cc\u0645 \u062f\u0627\u062f.&#8220; (\u0633\u0648\u0631\u0647 \u06cc\u0639\u0642\u0648\u0628 4:15)\u062f\u0631 \u0642\u0631\u0622\u0646 \u06a9\u0631\u06cc\u0645 \u0628\u0631 \u0627\u06cc\u0646 \u0627\u0633\u0627\u0633 \u0645\u06cc \u0641\u0631\u0645\u0627\u06cc\u062f: \u00ab\u0648 \u062f\u0631 \u0645\u0648\u0631\u062f \u06a9\u0627\u0631\u06cc \u06a9\u0647 \u0645\u06cc \u062e\u0648\u0627\u0647\u06cc\u062f \u0627\u0646\u062c\u0627\u0645 \u062f\u0647\u06cc\u062f\u060c \u0646\u06af\u0648\u06cc\u06cc\u062f: \u00ab\u0627\u06cc\u0646 \u06a9\u0627\u0631 \u0631\u0627 \u0641\u0631\u062f\u0627 \u0627\u0646\u062c\u0627\u0645 \u0645\u06cc \u062f\u0647\u0645\u00bb\u060c \u0628\u062f\u0648\u0646 \u0627\u0641\u0632\u0648\u062f\u0646: \u00ab\u0627\u06af\u0631 \u062e\u062f\u0627 \u0628\u062e\u0648\u0627\u0647\u062f\u00bb (\u0633\u0648\u0631\u0647 19 \u0648 23).<\/p>\n\n\n\n<p class=\"has-text-align-right\">\u0627\u0644\u0628\u062a\u0647 \u062a\u0627\u0631\u06cc\u062e \u06cc\u06a9 \u0628\u0627\u0634\u06af\u0627\u0647 \u0628\u0647 \u06cc\u06a9 \u062a\u0627\u0631\u06cc\u062e \u0628\u0633\u062a\u06af\u06cc \u0646\u062f\u0627\u0631\u062f. \u062f\u0631 \u062a\u0627\u0628\u0633\u062a\u0627\u0646 2018\u060c \u0628\u0627\u0632\u06cc\u06a9\u0646\u0627\u0646 \u0645\u062a\u0639\u0647\u062f \u0641\u0648\u062a\u0628\u0627\u0644 \u0628\u0631\u0627\u06cc \u06cc\u06a9 \u062a\u0648\u0631\u0646\u0645\u0646\u062a \u062f\u0627\u062e\u0644 \u0633\u0627\u0644\u0646 \u062f\u0631 \u0641\u0631\u0627\u0646\u06a9\u0641\u0648\u0631\u062a \u0622\u0645 \u0645\u0627\u06cc\u0646 \u0628\u0627 \u0646\u0627\u0645 &nbsp;FC Mohajer Leipzig\u0628\u0627 \u0647\u0645 \u062a\u06cc\u0645 \u0634\u062f\u0646\u062f \u0648 \u0627\u0632 \u0622\u0646 \u0632\u0645\u0627\u0646 \u0628\u0647 \u0639\u0646\u0648\u0627\u0646 \u06cc\u06a9 \u062a\u06cc\u0645 \u0645\u0633\u0627\u0628\u0642\u0627\u062a\u060c \u0627\u063a\u0644\u0628 \u062f\u0631 \u0628\u06cc\u0646 \u0645\u06a9\u0627\u0646 \u0647\u0627\u06cc \u0628\u0631\u062a\u0631 \u0642\u0631\u0627\u0631 \u06af\u0631\u0641\u062a\u0646\u062f. \u0627\u0645\u0627 \u062d\u062a\u06cc \u062f\u0631 \u0622\u0646 \u0632\u0645\u0627\u0646 \u0647\u062f\u0641 \u0648 \u062a\u0645\u0627\u06cc\u0644 \u0628\u0647 \u067e\u06cc\u0648\u0633\u062a\u0646 \u0628\u0627\u0632\u06cc \u0647\u0627\u06cc \u0645\u0639\u0645\u0648\u0644\u06cc \u06cc\u06a9 \u0644\u06cc\u06af \u0631\u0633\u0645\u06cc \u0648\u062c\u0648\u062f \u062f\u0627\u0634\u062a. \u0627\u06cc\u0646 \u0646\u06cc\u0627\u0632 \u0628\u0647 \u0641\u0631\u0645 \u062d\u0642\u0648\u0642\u06cc \u063a\u06cc\u0631\u0627\u0646\u062a\u0641\u0627\u0639\u06cc \u062f\u0627\u0634\u062a. \u0628\u0631\u062e\u06cc \u0627\u0632 \u0628\u0627\u0632\u06cc\u06a9\u0646\u0627\u0646 \u0627\u0632 \u0622\u0646 \u0632\u0645\u0627\u0646 \u0628\u0647 \u062f\u0644\u06cc\u0644 \u0627\u06cc\u0646\u06a9\u0647 \u0627\u0632 \u0644\u0627\u06cc\u067e\u0632\u06cc\u06af \u062f\u0648\u0631 \u0634\u062f\u0647 \u0627\u0646\u062f \u06cc\u0627 \u0628\u0647 \u062f\u0644\u06cc\u0644 \u0627\u06cc\u0646\u06a9\u0647 \u0633\u0627\u0639\u0627\u062a \u06a9\u0627\u0631\u06cc \u0627\u062c\u0627\u0632\u0647 \u062a\u0645\u0631\u06cc\u0646 \u0648 \u0628\u0627\u0632\u06cc \u0647\u0627\u06cc \u0645\u0639\u0646\u06cc \u062f\u0627\u0631 \u0631\u0627 \u0646\u0645\u06cc \u062f\u0647\u062f\u060c \u0645\u0627 \u0631\u0627 \u062a\u0631\u06a9 \u06a9\u0631\u062f\u0646\u062f. \u0628\u0627\u0632\u06cc\u06a9\u0646\u0627\u0646 \u062c\u062f\u06cc\u062f \u0632\u06cc\u0627\u062f\u06cc \u0628\u0647 \u0627\u06cc\u0646 \u062a\u06cc\u0645 \u067e\u06cc\u0648\u0633\u062a\u0647 \u0627\u0646\u062f \u0648 \u0627\u06a9\u0646\u0648\u0646 \u062f\u0631 \u062a\u0627\u0631\u06cc\u062e \u0628\u0627\u0634\u06af\u0627\u0647 \u0645\u0627 \u0633\u0647\u06cc\u0645 \u0647\u0633\u062a\u0646\u062f.<\/p>\n\n\n\n<p class=\"has-text-align-right\">\u0648\u0642\u062a\u06cc \u0633\u0627\u0644\u06af\u0631\u062f \u062e\u0648\u062f \u0631\u0627 \u062c\u0634\u0646 \u062e\u0648\u0627\u0647\u06cc\u0645 \u06af\u0631\u0641\u062a\u060c \u0641\u0635\u0644 \u0633\u0648\u0645 \u0645\u0627 \u062f\u0631 \u0644\u06cc\u06af \u0645\u0646\u0637\u0642\u0647 \u0627\u06cc \u06a9\u0644\u0627\u0633 \u062f\u0648\u0645 \u0628\u0647 \u062a\u0627\u0632\u06af\u06cc \u0628\u0647 \u067e\u0627\u06cc\u0627\u0646 \u062e\u0648\u0627\u0647\u062f \u0631\u0633\u06cc\u062f. \u0627\u0645\u06cc\u062f\u0648\u0627\u0631\u06cc\u0645 \u062c\u0627\u06cc\u06af\u0627\u0647 \u062e\u0648\u0628\u06cc \u062f\u0631 \u062c\u062f\u0648\u0644 \u062f\u0627\u0634\u062a\u0647 \u0628\u0627\u0634\u06cc\u0645. \u062f\u0631 \u0647\u0631 \u0635\u0648\u0631\u062a\u060c \u06cc\u06a9 \u0633\u0627\u0644 \u0647\u06cc\u062c\u0627\u0646 \u0627\u0646\u06af\u06cc\u0632 \u062f\u06cc\u06af\u0631 \u0631\u0627 \u0628\u0627 \u0647\u0645 \u062a\u062c\u0631\u0628\u0647 \u062e\u0648\u0627\u0647\u06cc\u0645 \u06a9\u0631\u062f. \u0648 \u0645\u0627 \u0645\u06cc \u062a\u0648\u0627\u0646\u06cc\u0645 \u0628\u0631\u0627\u06cc \u0622\u0646 \u0642\u062f\u0631\u062f\u0627\u0646 \u0628\u0627\u0634\u06cc\u0645.<\/p>\n\n\n\n<p class=\"has-text-align-right\">\u0645\u0627 \u0647\u0645\u0686\u0646\u06cc\u0646 \u0627\u0632 DOSB\u060c \u0628\u0647 \u0648\u06cc\u0698\u0647 \u0627\u0632 \u06a9\u0633\u0627\u0646\u06cc \u06a9\u0647 \u062f\u0631 \u067e\u0631\u0648\u0698\u0647 \u201c\u0622\u06cc\u0646\u062f\u0647 \u0645\u062a\u062d\u0631\u06a9\u201d \u0645\u0634\u0627\u0631\u06a9\u062a \u062f\u0627\u0631\u0646\u062f\u060c \u0633\u067e\u0627\u0633\u06af\u0632\u0627\u0631\u06cc\u0645\u060c \u06a9\u0647 \u0628\u0647 \u0639\u0646\u0648\u0627\u0646 \u0628\u062e\u0634\u06cc \u0627\u0632 \u0622\u0646 \u0628\u0627\u0634\u06af\u0627\u0647 \u0645\u0627 \u0628\u0631\u0627\u06cc \u062a\u0628\u062f\u06cc\u0644 \u0634\u062f\u0646 \u0628\u0647 \u06cc\u06a9 \u0645\u0631\u06a9\u0632 \u0634\u0627\u06cc\u0633\u062a\u06af\u06cc \u0628\u0631\u0627\u06cc \u0645\u0647\u0627\u062c\u0631\u0627\u0646 \u062f\u0631 \u0648\u0631\u0632\u0634 \u0622\u0645\u0648\u0632\u0634 \u062f\u06cc\u062f\u0647 \u0627\u0633\u062a. \u0641\u0631\u0627\u062a\u0631 \u0627\u0632 90 \u062f\u0642\u06cc\u0642\u0647 \u062f\u0631 \u0632\u0645\u06cc\u0646 \u0641\u0648\u062a\u0628\u0627\u0644\u060c \u0645\u0627 \u0628\u0627 \u0633\u0627\u0632\u0645\u0627\u0646\u200c\u0647\u0627 \u0648 \u0627\u0628\u062a\u06a9\u0627\u0631\u0627\u062a \u062f\u06cc\u06af\u0631\u06cc \u06a9\u0647 \u0645\u062a\u0639\u0647\u062f \u0628\u0647 \u062a\u0636\u0645\u06cc\u0646 \u0647\u0645\u0632\u06cc\u0633\u062a\u06cc \u0639\u0627\u062f\u0644\u0627\u0646\u0647 \u0628\u06cc\u0646 \u0645\u062a\u0648\u0644\u062f\u06cc\u0646 \u0627\u06cc\u0646\u062c\u0627 \u0648 \u06a9\u0633\u0627\u0646\u06cc \u06a9\u0647 \u0628\u0647 \u0627\u06cc\u0646\u062c\u0627 \u0646\u0642\u0644 \u0645\u06a9\u0627\u0646 \u06a9\u0631\u062f\u0647\u200c\u0627\u0646\u062f\u060c \u0648 \u0647\u0645\u0686\u0646\u06cc\u0646 \u0627\u0641\u0631\u0627\u062f \u0628\u0627 \u0631\u0646\u06af \u067e\u0648\u0633\u062a \u0648 \u0645\u0630\u0627\u0647\u0628 \u0645\u062e\u062a\u0644\u0641\u060c \u062f\u0631 \u0631\u0627\u0628\u0637\u0647 \u0647\u0633\u062a\u06cc\u0645.<\/p>\n\n\n\n<p class=\"has-text-align-right\">\u0648\u0631\u0632\u0634 \u0645\u06cc \u062a\u0648\u0627\u0646\u062f \u0628\u0647 \u062e\u06cc\u0644\u06cc \u0686\u06cc\u0632\u0647\u0627 \u062a\u0627\u062b\u06cc\u0631 \u062f\u0627\u0634\u062a\u0647 \u0628\u0627\u0634\u062f! \u0633\u0627\u0644 \u06af\u0630\u0634\u062a\u0647 \u0645\u0627 \u062a\u0648\u0627\u0646\u0633\u062a\u06cc\u0645 \u06cc \u0639\u0636\u0648 \u0645\u0648\u0633\u0633 \u06cc\u06a9 \u0633\u0627\u0632\u0645\u0627\u0646 \u0645\u0647\u0645 \u0628\u0632\u0631\u06af\u062a\u0631\u06cc \u0628\u0627\u0634\u06cc\u0645 \u06a9\u0647 \u0628\u0627\u0634\u06af\u0627\u0647\u200c\u0647\u0627\u06cc \u0648\u0631\u0632\u0634\u06cc \u0645\u0647\u0627\u062c\u0631\u0627\u0646 \u0631\u0627 \u062a\u0627 \u0633\u0637\u062d \u0641\u062f\u0631\u0627\u0644 \u0646\u0645\u0627\u06cc\u0646\u062f\u06af\u06cc \u0645\u06cc\u200c\u06a9\u0646\u062f.<\/p>\n\n\n\n<p class=\"has-text-align-right\">\u0627\u0646\u0634\u0627\u0621\u0627\u0644\u0644\u0647 \u0628\u0647 \u062e\u0648\u0627\u0633\u062a \u062e\u062f\u0627\u0648\u0646\u062f \u06a9\u0631\u06cc\u0645\u060c \u0633\u0627\u0644 2025 \u0646\u06cc\u0632 \u0628\u0631\u0627\u06cc \u0628\u0627\u0634\u06af\u0627\u0647 \u0648 \u062a\u06a9 \u062a\u06a9 \u0627\u0639\u0636\u0627 \u0627\u06cc\u0646 \u0628\u0627\u0634\u06af\u0627\u0647\u060c \u0628\u0631\u0627\u06cc \u0647\u0645\u0631\u0627\u0647\u0627\u0646\u060c \u062f\u0648\u0633\u062a\u0627\u0646\u060c \u0647\u0648\u0627\u062f\u0627\u0631\u0627\u0646\u060c \u0648 \u0628\u0631\u0627\u06cc \u062d\u0631\u06cc\u0641\u0627\u0646 \u0648\u0631\u0632\u0634\u06cc \u0645\u0627\u060c \u0645\u0648\u0642\u0639\u06cc\u062a \u0647\u0627\u06cc \u0632\u06cc\u0628\u0627\u060c \u0647\u06cc\u062c\u0627\u0646 \u0627\u0646\u06af\u06cc\u0632 \u0648 \u0627\u0645\u06cc\u062f\u0648\u0627\u0631\u06a9\u0646\u0646\u062f\u0647 \u0632\u06cc\u0627\u062f\u06cc \u0631\u0627 \u0631\u0642\u0645 \u062e\u0648\u0627\u0647\u062f \u0632\u062f. \u0645\u0627 \u0645\u0634\u062a\u0627\u0642\u0627\u0646\u0647 \u0645\u0646\u062a\u0638\u0631 \u0622\u0646 \u0647\u0633\u062a\u06cc\u0645!<\/p>\n\n\n\n<p class=\"has-text-align-right\">\u0627\u0632 \u0637\u0631\u0641 \u06a9\u0644 \u0647\u06cc\u0626\u062a \u0645\u062f\u06cc\u0631\u0647\u060c \u0633\u0627\u0644 \u062c\u062f\u06cc\u062f 2025 \u0631\u0627 \u0628\u0631\u0627\u06cc \u0634\u0645\u0627 \u0622\u0631\u0632\u0648\u0645\u0646\u062f\u06cc\u0645.<\/p>\n\n\n\n<p class=\"has-text-align-right\"><\/p>\n","protected":false},"excerpt":{"rendered":"<p>F\u00fcnf Jahre FC Mohajer Leipzig e.V.Deutsch \/ English \/ Dari Am 17. Juli 2020 wurde der FC Mohajer Leipzig e.V. gegr\u00fcndet. Das hei\u00dft, dass er in diesem beginnenden Jahr 2025 sein f\u00fcnfj\u00e4hriges Bestehen feiern wird. Und f\u00fcnf Jahre sind schon &hellip; <a href=\"http:\/\/mohajer-leipzig.de\/?page_id=620\">Weiterlesen <span class=\"meta-nav\">&rarr;<\/span><\/a><\/p>\n","protected":false},"author":2,"featured_media":0,"parent":0,"menu_order":0,"comment_status":"closed","ping_status":"closed","template":"","meta":{"footnotes":""},"class_list":["post-620","page","type-page","status-publish","hentry"],"_links":{"self":[{"href":"http:\/\/mohajer-leipzig.de\/index.php?rest_route=\/wp\/v2\/pages\/620","targetHints":{"allow":["GET"]}}],"collection":[{"href":"http:\/\/mohajer-leipzig.de\/index.php?rest_route=\/wp\/v2\/pages"}],"about":[{"href":"http:\/\/mohajer-leipzig.de\/index.php?rest_route=\/wp\/v2\/types\/page"}],"author":[{"embeddable":true,"href":"http:\/\/mohajer-leipzig.de\/index.php?rest_route=\/wp\/v2\/users\/2"}],"replies":[{"embeddable":true,"href":"http:\/\/mohajer-leipzig.de\/index.php?rest_route=%2Fwp%2Fv2%2Fcomments&post=620"}],"version-history":[{"count":5,"href":"http:\/\/mohajer-leipzig.de\/index.php?rest_route=\/wp\/v2\/pages\/620\/revisions"}],"predecessor-version":[{"id":639,"href":"http:\/\/mohajer-leipzig.de\/index.php?rest_route=\/wp\/v2\/pages\/620\/revisions\/639"}],"wp:attachment":[{"href":"http:\/\/mohajer-leipzig.de\/index.php?rest_route=%2Fwp%2Fv2%2Fmedia&parent=620"}],"curies":[{"name":"wp","href":"https:\/\/api.w.org\/{rel}","templated":true}]}}